{"id":796,"date":"2024-01-31T04:45:45","date_gmt":"2024-01-31T04:45:45","guid":{"rendered":"https:\/\/vivientemezcal.com\/product\/tequilana\/"},"modified":"2026-04-12T04:39:38","modified_gmt":"2026-04-12T04:39:38","slug":"tequilana","status":"publish","type":"product","link":"https:\/\/vivientemezcal.com\/es\/product\/tequilana\/","title":{"rendered":"CUPREATA Y TEQUILANA"},"content":{"rendered":"<div class=\"\">Hecho de agave Cupreata y Tequilana<\/div>\n<div class=\"\">notas frutales y ligeramente agrias<\/div>\n<div class=\"\">ABV 40% Alc.\/Vol.<\/div>\n<p>&nbsp;<\/p>\n<p>Un destilado con un aroma de intensidad media-alta ligeramente frutal, donde se pueden percibir notas a pi\u00f1a, melocot\u00f3n, manzana verde y toques c\u00edtricos de lim\u00f3n; herbal, logrando percibir notas de manzanilla y romero; y mineral, donde resaltan notas a piedras h\u00famedas y granito.<\/p>\n<p>En cuanto a gusto, tenemos un mezcal que en boca tenemos una bebida de acidez media \u2013 alta, con sensaciones c\u00edtricas, ligeramente dulces confirmando los sabores frutales como lim\u00f3n y pi\u00f1a. En este mezcal no puede falta la sensaci\u00f3n a ahumado que permanece en boca por hasta 3 minutos.<\/p>\n","protected":false},"excerpt":{"rendered":"<div class=\"\">Hecho de agave Cupreata y Tequilana<\/div>\n<div class=\"\">Notas frutales y ligeramente agrias<\/div>\n<div class=\"\">ABV 40% Alc.\/Vol.<\/div>\n","protected":false},"featured_media":989,"template":"","meta":{"om_disable_all_campaigns":false,"_monsterinsights_skip_tracking":false,"_monsterinsights_sitenote_active":false,"_monsterinsights_sitenote_note":"","_monsterinsights_sitenote_category":0},"product_cat":[17],"product_tag":[],"class_list":["post-796","product","type-product","status-publish","has-post-thumbnail","hentry","product_cat-mezcales"],"aioseo_notices":[],"_links":{"self":[{"href":"https:\/\/vivientemezcal.com\/es\/wp-json\/wp\/v2\/product\/796","targetHints":{"allow":["GET"]}}],"collection":[{"href":"https:\/\/vivientemezcal.com\/es\/wp-json\/wp\/v2\/product"}],"about":[{"href":"https:\/\/vivientemezcal.com\/es\/wp-json\/wp\/v2\/types\/product"}],"wp:featuredmedia":[{"embeddable":true,"href":"https:\/\/vivientemezcal.com\/es\/wp-json\/wp\/v2\/media\/989"}],"wp:attachment":[{"href":"https:\/\/vivientemezcal.com\/es\/wp-json\/wp\/v2\/media?parent=796"}],"wp:term":[{"taxonomy":"product_cat","embeddable":true,"href":"https:\/\/vivientemezcal.com\/es\/wp-json\/wp\/v2\/product_cat?post=796"},{"taxonomy":"product_tag","embeddable":true,"href":"https:\/\/vivientemezcal.com\/es\/wp-json\/wp\/v2\/product_tag?post=796"}],"curies":[{"name":"wp","href":"https:\/\/api.w.org\/{rel}","templated":true}]}}