{"id":24,"date":"2023-10-03T07:49:14","date_gmt":"2023-10-03T07:49:14","guid":{"rendered":"https:\/\/vivientemezcal.com\/?post_type=product&#038;p=24"},"modified":"2026-04-12T05:00:56","modified_gmt":"2026-04-12T05:00:56","slug":"mezcal-cupreata","status":"publish","type":"product","link":"https:\/\/vivientemezcal.com\/es\/product\/mezcal-cupreata\/","title":{"rendered":"CUPREATA"},"content":{"rendered":"<p>Hecho de maguey Cupreata<br \/>\nNotas frutales, minerales y ligeramente ahumado<br \/>\nABV 45-47% Alc.\/Vol.<\/p>\n<p>Este tipo de agave es end\u00e9mico del estado de Michoac\u00e1n. Sus atributos arom\u00e1ticos incluyen aromas minerales como piedras de r\u00edo, tiza o sal. Tambi\u00e9n podemos encontrar aromas de toronja o c\u00e1scara de pl\u00e1tano. Del mismo modo, descubrimos aromas tostados como c\u00e1scaras de nuez, cacao tostado, humo, corteza de \u00e1rbol y madera de mezquite.<\/p>\n<p>En cuanto al sabor, podemos reafirmar el car\u00e1cter mineral, confirmando a\u00fan m\u00e1s los suaves c\u00edtricos como pi\u00f1a o guayaba. En caso de una presencia m\u00e1s intensa, ser\u00edan lima y lim\u00f3n o c\u00e1scara de toronja.<\/p>\n","protected":false},"excerpt":{"rendered":"<div class=\"\">Hecho de maguey Cupreata<\/div>\n<div class=\"\">Notas frutales, minerales y ligeramente ahumado<\/div>\n<div class=\"\">ABV 45-47% Alc.\/Vol.<\/div>\n<p><a class=\"single_add_to_cart_button button alt amazon-btn\" href=\"https:\/\/www.amazon.com.mx\/Mezcal-VIVIENTE-750mL-artesanal-Cupreata\/dp\/B0CHL2XHGS\/ref=zg_bsnr_g_17836295011_sccl_3\/130-3767633-4528161?psc=1\" target=\"_blank\" rel=\"noopener\">Comprar<\/a><\/p>\n","protected":false},"featured_media":981,"template":"","meta":{"om_disable_all_campaigns":false,"_monsterinsights_skip_tracking":false,"_monsterinsights_sitenote_active":false,"_monsterinsights_sitenote_note":"","_monsterinsights_sitenote_category":0},"product_cat":[17],"product_tag":[],"class_list":["post-24","product","type-product","status-publish","has-post-thumbnail","hentry","product_cat-mezcales"],"aioseo_notices":[],"_links":{"self":[{"href":"https:\/\/vivientemezcal.com\/es\/wp-json\/wp\/v2\/product\/24","targetHints":{"allow":["GET"]}}],"collection":[{"href":"https:\/\/vivientemezcal.com\/es\/wp-json\/wp\/v2\/product"}],"about":[{"href":"https:\/\/vivientemezcal.com\/es\/wp-json\/wp\/v2\/types\/product"}],"wp:featuredmedia":[{"embeddable":true,"href":"https:\/\/vivientemezcal.com\/es\/wp-json\/wp\/v2\/media\/981"}],"wp:attachment":[{"href":"https:\/\/vivientemezcal.com\/es\/wp-json\/wp\/v2\/media?parent=24"}],"wp:term":[{"taxonomy":"product_cat","embeddable":true,"href":"https:\/\/vivientemezcal.com\/es\/wp-json\/wp\/v2\/product_cat?post=24"},{"taxonomy":"product_tag","embeddable":true,"href":"https:\/\/vivientemezcal.com\/es\/wp-json\/wp\/v2\/product_tag?post=24"}],"curies":[{"name":"wp","href":"https:\/\/api.w.org\/{rel}","templated":true}]}}