{"id":124,"date":"2023-10-06T02:09:16","date_gmt":"2023-10-06T02:09:16","guid":{"rendered":"https:\/\/vivientemezcal.com\/?post_type=product&#038;p=124"},"modified":"2026-04-12T04:56:28","modified_gmt":"2026-04-12T04:56:28","slug":"ensamble","status":"publish","type":"product","link":"https:\/\/vivientemezcal.com\/es\/product\/ensamble\/","title":{"rendered":"CUPREATA Y ESPAD\u00cdN"},"content":{"rendered":"<p>Hecho de maguey Cupreata y Espad\u00edn<br \/>\nNotas minerales, c\u00edtricas y herbales<br \/>\nABV 40% Alc.\/Vol.<\/p>\n<p>Su aroma es frutal, ya que reconocemos frutas tropicales que pueden ser f\u00e1cilmente pl\u00e1tano verde, guayaba fresca y pi\u00f1a. Tambi\u00e9n reconocemos aromas minerales como piedras de r\u00edo o tiza. Descubrimos aromas m\u00e1s sutiles que provienen de la destilaci\u00f3n, como corteza de \u00e1rbol, madera de mezquite y suelo o arcilla h\u00famedos.<\/p>\n<p>En cuanto al sabor, podemos confirmar su car\u00e1cter frutal, ya que destacan frutas tropicales como pi\u00f1a o guayaba, con una ligera presencia de lima y lim\u00f3n o c\u00e1scara de toronja. Podemos apreciar claramente notas picantes como pimienta, jengibre y cardamomo, as\u00ed como notas herbales como romero.<\/p>\n","protected":false},"excerpt":{"rendered":"<p>Hecho de maguey Cupreata y Espad\u00edn<br \/>\nNotas minerales, c\u00edtricas y herbales<br \/>\nABV 40% Alc.\/Vol.<br \/>\n<a class=\"single_add_to_cart_button button alt amazon-btn\" href=\"https:\/\/www.amazon.com.mx\/dp\/B0CHKP98N1\/ref=sspa_dk_detail_3?psc=1&amp;pf_rd_p=44564202-7096-4eae-ae94-640a2575beea&amp;pf_rd_r=JSXKQCC1D7G7ASK3A2NP&amp;pd_rd_wg=TQwYs&amp;pd_rd_w=YzwEG&amp;content-id=amzn1.sym.44564202-7096-4eae-ae94-640a2575beea&amp;pd_rd_r=301c2cef-ba39-4640-92ba-1f749ab665a9&amp;s=grocery&amp;sp_csd=d2lkZ2V0TmFtZT1zcF9kZXRhaWwy\" target=\"_blank\" rel=\"noopener\">Comprar<\/a><\/p>\n","protected":false},"featured_media":970,"template":"","meta":{"om_disable_all_campaigns":false,"_monsterinsights_skip_tracking":false,"_monsterinsights_sitenote_active":false,"_monsterinsights_sitenote_note":"","_monsterinsights_sitenote_category":0},"product_cat":[17],"product_tag":[],"class_list":["post-124","product","type-product","status-publish","has-post-thumbnail","hentry","product_cat-mezcales"],"aioseo_notices":[],"_links":{"self":[{"href":"https:\/\/vivientemezcal.com\/es\/wp-json\/wp\/v2\/product\/124","targetHints":{"allow":["GET"]}}],"collection":[{"href":"https:\/\/vivientemezcal.com\/es\/wp-json\/wp\/v2\/product"}],"about":[{"href":"https:\/\/vivientemezcal.com\/es\/wp-json\/wp\/v2\/types\/product"}],"wp:featuredmedia":[{"embeddable":true,"href":"https:\/\/vivientemezcal.com\/es\/wp-json\/wp\/v2\/media\/970"}],"wp:attachment":[{"href":"https:\/\/vivientemezcal.com\/es\/wp-json\/wp\/v2\/media?parent=124"}],"wp:term":[{"taxonomy":"product_cat","embeddable":true,"href":"https:\/\/vivientemezcal.com\/es\/wp-json\/wp\/v2\/product_cat?post=124"},{"taxonomy":"product_tag","embeddable":true,"href":"https:\/\/vivientemezcal.com\/es\/wp-json\/wp\/v2\/product_tag?post=124"}],"curies":[{"name":"wp","href":"https:\/\/api.w.org\/{rel}","templated":true}]}}