{"id":736,"date":"2024-01-02T00:00:16","date_gmt":"2024-01-02T00:00:16","guid":{"rendered":"https:\/\/vivientemezcal.com\/faq-2\/"},"modified":"2026-03-30T01:11:06","modified_gmt":"2026-03-30T01:11:06","slug":"faq","status":"publish","type":"page","link":"https:\/\/vivientemezcal.com\/es\/faq\/","title":{"rendered":"FAQ"},"content":{"rendered":"\t\t<div data-elementor-type=\"wp-page\" data-elementor-id=\"736\" class=\"elementor elementor-736 elementor-709\">\n\t\t\t\t\t\t\t<div class=\"elementor-element elementor-element-83badd4 e-flex e-con-boxed e-con e-parent\" data-id=\"83badd4\" data-element_type=\"container\" data-settings=\"{&quot;content_width&quot;:&quot;boxed&quot;}\" data-core-v316-plus=\"true\">\n\t\t\t\t\t<div class=\"e-con-inner\">\n\t\t\t\t<div class=\"elementor-element elementor-element-64813aa elementor-widget elementor-widget-accordion\" data-id=\"64813aa\" data-element_type=\"widget\" data-widget_type=\"accordion.default\">\n\t\t\t\t<div class=\"elementor-widget-container\">\n\t\t\t<style>\/*! elementor - v3.16.0 - 17-10-2023 *\/\n.elementor-accordion{text-align:left}.elementor-accordion .elementor-accordion-item{border:1px solid #d5d8dc}.elementor-accordion .elementor-accordion-item+.elementor-accordion-item{border-top:none}.elementor-accordion .elementor-tab-title{margin:0;padding:15px 20px;font-weight:700;line-height:1;cursor:pointer;outline:none}.elementor-accordion .elementor-tab-title .elementor-accordion-icon{display:inline-block;width:1.5em}.elementor-accordion .elementor-tab-title .elementor-accordion-icon svg{width:1em;height:1em}.elementor-accordion .elementor-tab-title .elementor-accordion-icon.elementor-accordion-icon-right{float:right;text-align:right}.elementor-accordion .elementor-tab-title .elementor-accordion-icon.elementor-accordion-icon-left{float:left;text-align:left}.elementor-accordion .elementor-tab-title .elementor-accordion-icon .elementor-accordion-icon-closed{display:block}.elementor-accordion .elementor-tab-title .elementor-accordion-icon .elementor-accordion-icon-opened,.elementor-accordion .elementor-tab-title.elementor-active .elementor-accordion-icon-closed{display:none}.elementor-accordion .elementor-tab-title.elementor-active .elementor-accordion-icon-opened{display:block}.elementor-accordion .elementor-tab-content{display:none;padding:15px 20px;border-top:1px solid #d5d8dc}@media (max-width:767px){.elementor-accordion .elementor-tab-title{padding:12px 15px}.elementor-accordion .elementor-tab-title .elementor-accordion-icon{width:1.2em}.elementor-accordion .elementor-tab-content{padding:7px 15px}}.e-con-inner>.elementor-widget-accordion,.e-con>.elementor-widget-accordion{width:var(--container-widget-width);--flex-grow:var(--container-widget-flex-grow)}<\/style>\t\t<div class=\"elementor-accordion\">\n\t\t\t\t\t\t\t<div class=\"elementor-accordion-item\">\n\t\t\t\t\t<div id=\"elementor-tab-title-1051\" class=\"elementor-tab-title\" data-tab=\"1\" role=\"button\" aria-controls=\"elementor-tab-content-1051\" aria-expanded=\"false\">\n\t\t\t\t\t\t\t\t\t\t\t\t\t<span class=\"elementor-accordion-icon elementor-accordion-icon-left\" aria-hidden=\"true\">\n\t\t\t\t\t\t\t\t\t\t\t\t\t\t\t<span class=\"elementor-accordion-icon-closed\"><i class=\"fas fa-plus\"><\/i><\/span>\n\t\t\t\t\t\t\t\t<span class=\"elementor-accordion-icon-opened\"><i class=\"fas fa-minus\"><\/i><\/span>\n\t\t\t\t\t\t\t\t\t\t\t\t\t\t<\/span>\n\t\t\t\t\t\t\t\t\t\t\t\t<a class=\"elementor-accordion-title\" tabindex=\"0\">\u00bfQu\u00e9 es el Mezcal?<\/a>\n\t\t\t\t\t<\/div>\n\t\t\t\t\t<div id=\"elementor-tab-content-1051\" class=\"elementor-tab-content elementor-clearfix\" data-tab=\"1\" role=\"region\" aria-labelledby=\"elementor-tab-title-1051\"><div><div><div><div>El mezcal es una bebida espirituosa que se obtiene de los jugos del maguey fermentado. Es una bebida muy valorada en M\u00e9xico debido a su proceso de producci\u00f3n artesanal y a su sabor distintivo y ahumado. El mezcal tiene una larga historia y una rica cultura asociada a su producci\u00f3n y consumo. El mezcal ha sido parte de la cultura mexicana durante siglos y se asocia con la artesan\u00eda, la tradici\u00f3n y el orgullo local. Actualmente, es producido en al menos 18 estados de la Rep\u00fablica Mexicana.<\/div><\/div><\/div><\/div><\/div>\n\t\t\t\t<\/div>\n\t\t\t\t\t\t\t<div class=\"elementor-accordion-item\">\n\t\t\t\t\t<div id=\"elementor-tab-title-1052\" class=\"elementor-tab-title\" data-tab=\"2\" role=\"button\" aria-controls=\"elementor-tab-content-1052\" aria-expanded=\"false\">\n\t\t\t\t\t\t\t\t\t\t\t\t\t<span class=\"elementor-accordion-icon elementor-accordion-icon-left\" aria-hidden=\"true\">\n\t\t\t\t\t\t\t\t\t\t\t\t\t\t\t<span class=\"elementor-accordion-icon-closed\"><i class=\"fas fa-plus\"><\/i><\/span>\n\t\t\t\t\t\t\t\t<span class=\"elementor-accordion-icon-opened\"><i class=\"fas fa-minus\"><\/i><\/span>\n\t\t\t\t\t\t\t\t\t\t\t\t\t\t<\/span>\n\t\t\t\t\t\t\t\t\t\t\t\t<a class=\"elementor-accordion-title\" tabindex=\"0\">\u00bfCu\u00e1l es la diferencia entre mezcal y tequila?<\/a>\n\t\t\t\t\t<\/div>\n\t\t\t\t\t<div id=\"elementor-tab-content-1052\" class=\"elementor-tab-content elementor-clearfix\" data-tab=\"2\" role=\"region\" aria-labelledby=\"elementor-tab-title-1052\"><p>La principal diferencia entre mezcal y tequila radica en el tipo de agave utilizado para su producci\u00f3n. El mezcal se puede elaborar a partir de distintas variedades de agave, mientras que el tequila solo puede ser elaborado con la variedad de agave azul, tambi\u00e9n conocido como agave tequilana, mismo que se usa en nuestro mezcal tequilana y cupreata.<\/p><p>Otra diferencia clave es el proceso de producci\u00f3n. El mezcal se elabora utilizando t\u00e9cnicas tradicionales, que incluyen la cocci\u00f3n del agave en hornos subterr\u00e1neos de piedra o ladrillo, mientras que el tequila se cuece en hornos de vapor, conocidos como hornos autoclaves. El proceso de cocci\u00f3n del mezcal puede durar hasta 5 d\u00edas, mientras que el proceso de cocci\u00f3n del tequila puede durar s\u00f3lo unas pocas horas.<\/p><p>El mezcal tambi\u00e9n se destila dos veces en alambiques de cobre, mientras que el tequila se puede destilar dos o tres veces en alambiques de cobre o acero inoxidable. Adem\u00e1s, el mezcal a menudo se embotella a mano y se produce en peque\u00f1as cantidades, lo que le da un car\u00e1cter m\u00e1s artesanal, mientras que el tequila se produce en grandes cantidades y se embotella en m\u00e1quinas.<\/p><p>Otra diferencia entre el mezcal y el tequila es el sabor y aroma. El mezcal tiene un sabor ahumado y un aroma terroso, mientras que el tequila tiene un sabor m\u00e1s dulce y floral. El mezcal tiene una gran diversidad de sabores y una amplia paleta arom\u00e1tica. Esto debido a que se produce a partir del agave, el cual tiene en M\u00e9xico 53 especies de magueyes mezcaleros.<\/p><\/div>\n\t\t\t\t<\/div>\n\t\t\t\t\t\t\t<div class=\"elementor-accordion-item\">\n\t\t\t\t\t<div id=\"elementor-tab-title-1053\" class=\"elementor-tab-title\" data-tab=\"3\" role=\"button\" aria-controls=\"elementor-tab-content-1053\" aria-expanded=\"false\">\n\t\t\t\t\t\t\t\t\t\t\t\t\t<span class=\"elementor-accordion-icon elementor-accordion-icon-left\" aria-hidden=\"true\">\n\t\t\t\t\t\t\t\t\t\t\t\t\t\t\t<span class=\"elementor-accordion-icon-closed\"><i class=\"fas fa-plus\"><\/i><\/span>\n\t\t\t\t\t\t\t\t<span class=\"elementor-accordion-icon-opened\"><i class=\"fas fa-minus\"><\/i><\/span>\n\t\t\t\t\t\t\t\t\t\t\t\t\t\t<\/span>\n\t\t\t\t\t\t\t\t\t\t\t\t<a class=\"elementor-accordion-title\" tabindex=\"0\">\u00bfCu\u00e1l es la diferencia entre mezcal ancestral, artesanal e industrial?<\/a>\n\t\t\t\t\t<\/div>\n\t\t\t\t\t<div id=\"elementor-tab-content-1053\" class=\"elementor-tab-content elementor-clearfix\" data-tab=\"3\" role=\"region\" aria-labelledby=\"elementor-tab-title-1053\"><p>La diferencia entre mezcal ancestral, artesanal e industrial se relaciona con los procesos de producci\u00f3n utilizados en la elaboraci\u00f3n del mezcal y las regulaciones que se aplican a cada tipo<\/p><p><strong>1 Mezcal Ancestral:<\/strong> Es un tipo especial de mezcal artesanal, que se elabora de forma a\u00fan m\u00e1s tradicional y manual, siguiendo los m\u00e9todos de producci\u00f3n prehisp\u00e1nicos. La producci\u00f3n de este tipo de mezcal es muy limitada y se lleva a cabo en algunas comunidades rurales, donde se utilizan t\u00e9cnicas de producci\u00f3n ancestrales como el cocido en horno tradicional, molido en tahona, fermentaci\u00f3n y destilaci\u00f3n con bagazo y destilado en ollas de barro.\u00a0<\/p><p><strong>2 Mezcal Artesanal:<\/strong> Es aquel mezcal que se elabora en peque\u00f1as cantidades y de forma artesanal. La producci\u00f3n de este tipo de mezcal se lleva a cabo en peque\u00f1as destiler\u00edas llamadas palenques, donde se utiliza la pi\u00f1a del agave cocida en hornos de tierra y se muele a mano, con un molino de piedra o con molino de motor, fermentaci\u00f3n y destilaci\u00f3n con bagazo y destilado en alambiques de cobre\u00a0<\/p><p><strong>3 Mezcal Industrial:<\/strong> Es aquel mezcal que se produce en grandes cantidades y en forma industrial, utilizando maquinaria y procesos automatizados. La producci\u00f3n de este tipo de mezcal se lleva a cabo principalmente en f\u00e1bricas, molido con molinillo, fermentaci\u00f3n sin bagazo en tanques de acero inoxidable, destilados en acero inoxidable y columnas de destilaci\u00f3n sin bagazo. El mezcal industrial se elabora con agaves cultivados en grandes extensiones de tierra y en algunos casos, se pueden utilizar aditivos qu\u00edmicos para acelerar el proceso de fermentaci\u00f3n.<\/p><\/div>\n\t\t\t\t<\/div>\n\t\t\t\t\t\t\t<div class=\"elementor-accordion-item\">\n\t\t\t\t\t<div id=\"elementor-tab-title-1054\" class=\"elementor-tab-title\" data-tab=\"4\" role=\"button\" aria-controls=\"elementor-tab-content-1054\" aria-expanded=\"false\">\n\t\t\t\t\t\t\t\t\t\t\t\t\t<span class=\"elementor-accordion-icon elementor-accordion-icon-left\" aria-hidden=\"true\">\n\t\t\t\t\t\t\t\t\t\t\t\t\t\t\t<span class=\"elementor-accordion-icon-closed\"><i class=\"fas fa-plus\"><\/i><\/span>\n\t\t\t\t\t\t\t\t<span class=\"elementor-accordion-icon-opened\"><i class=\"fas fa-minus\"><\/i><\/span>\n\t\t\t\t\t\t\t\t\t\t\t\t\t\t<\/span>\n\t\t\t\t\t\t\t\t\t\t\t\t<a class=\"elementor-accordion-title\" tabindex=\"0\">\u00bfDe qu\u00e9 regiones de M\u00e9xico se origina nuestro mezcal?<\/a>\n\t\t\t\t\t<\/div>\n\t\t\t\t\t<div id=\"elementor-tab-content-1054\" class=\"elementor-tab-content elementor-clearfix\" data-tab=\"4\" role=\"region\" aria-labelledby=\"elementor-tab-title-1054\"><p>Nuestro mezcal es cultivado y cosechado en el estado de Michoac\u00e1n de Ocampo. Algunos de los atributos principales de ese bello estado son:<\/p><p><strong>Patrimonio Cultural:<\/strong><\/p><p>Michoac\u00e1n cuenta con una gran riqueza en patrimonio cultural, como las zonas arqueol\u00f3gicas de Tzintzuntzan, Ihuatzio y Tingambato, las iglesias y templos coloniales de P\u00e1tzcuaro y Morelia y las celebraciones religiosas y culturales, como el D\u00eda de Muertos, el Carnaval de P\u00e1tzcuaro y la Noche de Muertos en Janitzio.<\/p><p><strong>Artesan\u00edas:<\/strong><\/p><p>Michoac\u00e1n es famoso por sus artesan\u00edas, especialmente la cer\u00e1mica, el trabajo en madera, el bordado y la talla en piedra. Algunos de los principales centros artesanales del estado son Tzintzuntzan, Santa Clara del Cobre, P\u00e1tzcuaro y Uruapan.<\/p><p><strong>Gastronom\u00eda:<\/strong><\/p><p>Michoac\u00e1n tiene una rica tradici\u00f3n culinaria, que incluye platillos como la sopa tarasca, el churipo, los uchepos, las corundas, los tamales de ceniza y el atole de grano. El estado es famoso tambi\u00e9n por sus postres, como los bu\u00f1uelos, las jericallas y las cocadas.<\/p><p><strong>Pueblos M\u00e1gicos:<\/strong><\/p><p>Michoac\u00e1n cuenta con tres pueblos m\u00e1gicos: P\u00e1tzcuaro, Tzintzuntzan y Cuitzeo, reconocidos por su rica cultura, historia y tradiciones.<\/p><p><strong>Etnias Ind\u00edgenas:<\/strong><\/p><p>Michoac\u00e1n es hogar de diversas etnias ind\u00edgenas, como los Pur\u00e9pechas, los Nahuas y los Otom\u00edes. Estas comunidades mantienen vivas sus tradiciones y costumbres, como la m\u00fasica, la danza y la medicina tradicional.<\/p><\/div>\n\t\t\t\t<\/div>\n\t\t\t\t\t\t\t<div class=\"elementor-accordion-item\">\n\t\t\t\t\t<div id=\"elementor-tab-title-1055\" class=\"elementor-tab-title\" data-tab=\"5\" role=\"button\" aria-controls=\"elementor-tab-content-1055\" aria-expanded=\"false\">\n\t\t\t\t\t\t\t\t\t\t\t\t\t<span class=\"elementor-accordion-icon elementor-accordion-icon-left\" aria-hidden=\"true\">\n\t\t\t\t\t\t\t\t\t\t\t\t\t\t\t<span class=\"elementor-accordion-icon-closed\"><i class=\"fas fa-plus\"><\/i><\/span>\n\t\t\t\t\t\t\t\t<span class=\"elementor-accordion-icon-opened\"><i class=\"fas fa-minus\"><\/i><\/span>\n\t\t\t\t\t\t\t\t\t\t\t\t\t\t<\/span>\n\t\t\t\t\t\t\t\t\t\t\t\t<a class=\"elementor-accordion-title\" tabindex=\"0\">\u00bfCu\u00e1l es la mejor manera de disfrutar nuestro mezcal?<\/a>\n\t\t\t\t\t<\/div>\n\t\t\t\t\t<div id=\"elementor-tab-content-1055\" class=\"elementor-tab-content elementor-clearfix\" data-tab=\"5\" role=\"region\" aria-labelledby=\"elementor-tab-title-1055\"><p>Nuestros mezcales son excelentes para ser tomados de cualquier manera:<\/p><ul><li>Derechos o acompa\u00f1ados de unas rodajas de naranja, queso a\u00f1ejo, sal o chile.<\/li><li>En cocteler\u00eda, tenemos diversas recetas en nuestra p\u00e1gina web y estaremos compartiendo recetas adicionales en nuestras redes sociales.<\/li><\/ul><\/div>\n\t\t\t\t<\/div>\n\t\t\t\t\t\t\t<div class=\"elementor-accordion-item\">\n\t\t\t\t\t<div id=\"elementor-tab-title-1056\" class=\"elementor-tab-title\" data-tab=\"6\" role=\"button\" aria-controls=\"elementor-tab-content-1056\" aria-expanded=\"false\">\n\t\t\t\t\t\t\t\t\t\t\t\t\t<span class=\"elementor-accordion-icon elementor-accordion-icon-left\" aria-hidden=\"true\">\n\t\t\t\t\t\t\t\t\t\t\t\t\t\t\t<span class=\"elementor-accordion-icon-closed\"><i class=\"fas fa-plus\"><\/i><\/span>\n\t\t\t\t\t\t\t\t<span class=\"elementor-accordion-icon-opened\"><i class=\"fas fa-minus\"><\/i><\/span>\n\t\t\t\t\t\t\t\t\t\t\t\t\t\t<\/span>\n\t\t\t\t\t\t\t\t\t\t\t\t<a class=\"elementor-accordion-title\" tabindex=\"0\">\u00bfCu\u00e1les son las sugerencias de maridajes para el mezcal Cupreata Viviente?<\/a>\n\t\t\t\t\t<\/div>\n\t\t\t\t\t<div id=\"elementor-tab-content-1056\" class=\"elementor-tab-content elementor-clearfix\" data-tab=\"6\" role=\"region\" aria-labelledby=\"elementor-tab-title-1056\"><p>Complementar la acidez del mezcal siempre es importante para una mejor experiencia, por lo que se recomiendan alimentos con acidez media y media alta, sin llegar a ser amargos para evitar desvincular los aromas y sabores. En ese sentido, podr\u00edamos recomendar:<\/p><p><strong>L\u00e1cteos<\/strong><\/p><ul><li>Queso de cabra<\/li><li>Queso ranchero fresco<\/li><li>Queso edam<\/li><li>Yogurt<\/li><\/ul><p><strong>Frutas<\/strong><\/p><ul><li>Manzana verde<\/li><li>Chabacano<\/li><li>Durazno<\/li><li>Carambola<\/li><li>Nanche<\/li><li>Pi\u00f1a<\/li><li>Mango verde<\/li><li>Tomatillo verde<\/li><\/ul><p><strong>Alimentos preparados<\/strong><\/p><ul><li>Ensaladas con yogurt o quesos con acidez alta<\/li><li>Cremas con toque de c\u00edtricos como mandarina o aceite de lim\u00f3n<\/li><\/ul><p><strong> Prote\u00ednas animales<\/strong><\/p><ul><li>En salsa de tamarindo<\/li><li>Salsas cremosas de queso crema<\/li><li>Salas orientales<\/li><li>Salsas agridulces con costras de almendra, nuez, cacao tostado o pimienta<\/li><li>Comida tradicional con acidez alta como enchiladas, pambazos y sopes de picadillo<\/li><\/ul><\/div>\n\t\t\t\t<\/div>\n\t\t\t\t\t\t\t<div class=\"elementor-accordion-item\">\n\t\t\t\t\t<div id=\"elementor-tab-title-1057\" class=\"elementor-tab-title\" data-tab=\"7\" role=\"button\" aria-controls=\"elementor-tab-content-1057\" aria-expanded=\"false\">\n\t\t\t\t\t\t\t\t\t\t\t\t\t<span class=\"elementor-accordion-icon elementor-accordion-icon-left\" aria-hidden=\"true\">\n\t\t\t\t\t\t\t\t\t\t\t\t\t\t\t<span class=\"elementor-accordion-icon-closed\"><i class=\"fas fa-plus\"><\/i><\/span>\n\t\t\t\t\t\t\t\t<span class=\"elementor-accordion-icon-opened\"><i class=\"fas fa-minus\"><\/i><\/span>\n\t\t\t\t\t\t\t\t\t\t\t\t\t\t<\/span>\n\t\t\t\t\t\t\t\t\t\t\t\t<a class=\"elementor-accordion-title\" tabindex=\"0\">\u00bfCu\u00e1les son las sugerencias de maridaje para el mezcal cupreata y espad\u00edn Viviente?<\/a>\n\t\t\t\t\t<\/div>\n\t\t\t\t\t<div id=\"elementor-tab-content-1057\" class=\"elementor-tab-content elementor-clearfix\" data-tab=\"7\" role=\"region\" aria-labelledby=\"elementor-tab-title-1057\"><div><div>Complementar la acidez del mezcal siempre es importante para una mejor experiencia, por lo que se recomiendan alimentos con acidez media y media alta, sin llegar a ser amargos para evitar desvincular los aromas y sabores. En ese sentido, podr\u00edamos recomendar:<\/div><div>\u00a0<\/div><div><strong>L\u00e1cteos<\/strong><\/div><ul><li>Queso adobera<\/li><li>Queso ranchero fresco sin sal<\/li><li>Reques\u00f3n<\/li><li>Yogurt<\/li><\/ul><div><strong>Frutas<\/strong><\/div><ul><li>Manzana verde<\/li><li>Manzana criolla<\/li><li>Lima<\/li><li>Carambola<\/li><li>Pi\u00f1a<\/li><li>Mango verde<\/li><li>Tomatillo verde<\/li><\/ul><div><strong>Alimentos preparados<\/strong><\/div><ul><li>Ensaladas c\u00edtricas con almendra<\/li><li>Ensaladas con pollo a las brasas<\/li><li>Ensaladas con yogurt o quesos suaves<\/li><li>Cremas con toque de c\u00edtricos como mandarina o aceite de lim\u00f3n<\/li><li>Sopa de lima<\/li><\/ul><div><strong>Prote\u00ednas animales<\/strong><\/div><ul><li>Prote\u00ednas de origen animal en salsa de pi\u00f1a asada<\/li><li>Prote\u00ednas de origen animal con pasta en salsa Alfredo<\/li><li>Costras de almendra o nuez<\/li><li>Comida tradicional como enchiladas verdes o suizas, sopes, tostadas de pollo, pozole en cualquiera de sus variedades (de preferencia con pollo), pescado a la veracruzana, pipi\u00e1n, chiles rellenos o en nogada<\/li><li>Cocina internacional con presencia de especias como azafr\u00e1n, jengibre, romero, tomillo, c\u00farcuma, chiltep\u00edn o aj\u00ed<\/li><\/ul><\/div><\/div>\n\t\t\t\t<\/div>\n\t\t\t\t\t\t\t<div class=\"elementor-accordion-item\">\n\t\t\t\t\t<div id=\"elementor-tab-title-1058\" class=\"elementor-tab-title\" data-tab=\"8\" role=\"button\" aria-controls=\"elementor-tab-content-1058\" aria-expanded=\"false\">\n\t\t\t\t\t\t\t\t\t\t\t\t\t<span class=\"elementor-accordion-icon elementor-accordion-icon-left\" aria-hidden=\"true\">\n\t\t\t\t\t\t\t\t\t\t\t\t\t\t\t<span class=\"elementor-accordion-icon-closed\"><i class=\"fas fa-plus\"><\/i><\/span>\n\t\t\t\t\t\t\t\t<span class=\"elementor-accordion-icon-opened\"><i class=\"fas fa-minus\"><\/i><\/span>\n\t\t\t\t\t\t\t\t\t\t\t\t\t\t<\/span>\n\t\t\t\t\t\t\t\t\t\t\t\t<a class=\"elementor-accordion-title\" tabindex=\"0\">\u00bfQu\u00e9 es la denominaci\u00f3n de origen?<\/a>\n\t\t\t\t\t<\/div>\n\t\t\t\t\t<div id=\"elementor-tab-content-1058\" class=\"elementor-tab-content elementor-clearfix\" data-tab=\"8\" role=\"region\" aria-labelledby=\"elementor-tab-title-1058\"><p>Es un sistema de regulaci\u00f3n y protecci\u00f3n legal que se aplica a ciertas regiones de M\u00e9xico donde se produce el mezcal. Esta apelaci\u00f3n de origen establece los requisitos y especificaciones que deben cumplirse para que un destilado de agave pueda etiquetarse y comercializarse como mezcal.<\/p><p>La apelaci\u00f3n de origen del mezcal fue establecida en 1994 y abarca varios estados de M\u00e9xico, hoy en d\u00eda incluye a los estados de Aguascalientes, Durango, Guanajuato, Guerrero, Michoac\u00e1n, Morelos, Oaxaca, Puebla, San Luis Potos\u00ed, Sinaloa y Zacatecas.<\/p><p>Seg\u00fan la apelaci\u00f3n de origen, el mezcal s\u00f3lo puede ser producido en estas regiones y debe cumplir con ciertas especificaciones en cuanto a los ingredientes, procesos de producci\u00f3n, envasado y etiquetado.<\/p><p>Entre los requisitos establecidos por la apelaci\u00f3n de origen del mezcal se incluyen:<\/p><ul><li>El mezcal debe ser producido a partir de agaves maduros de distintas variedades espec\u00edficas<\/li><li>El mezcal debe tener una graduaci\u00f3n alcoh\u00f3lica m\u00ednima del 36% y m\u00e1xima del 55%<\/li><li>El envasado y etiquetado del mezcal debe cumplir con ciertas especificaciones, incluyendo la denominaci\u00f3n de origen, el tipo de agave utilizado, la fecha de producci\u00f3n, el grado alcoh\u00f3lico y el nombre y direcci\u00f3n del productor<\/li><\/ul><p>La apelaci\u00f3n de origen del mezcal es importante porque protege la autenticidad y la calidad del destilado de agave, promueve la preservaci\u00f3n de las t\u00e9cnicas de producci\u00f3n tradicionales y apoya la econom\u00eda local de las regiones productoras de mezcal.<\/p><\/div>\n\t\t\t\t<\/div>\n\t\t\t\t\t\t\t\t<\/div>\n\t\t\t\t<\/div>\n\t\t\t\t<\/div>\n\t\t\t\t\t<\/div>\n\t\t\t\t<\/div>\n\t\t<div class=\"elementor-element elementor-element-c96e52f e-flex e-con-boxed e-con e-parent\" data-id=\"c96e52f\" data-element_type=\"container\" data-settings=\"{&quot;content_width&quot;:&quot;boxed&quot;}\" data-core-v316-plus=\"true\">\n\t\t\t\t\t<div class=\"e-con-inner\">\n\t\t\t\t<div class=\"elementor-element elementor-element-ea8c693 elementor-widget elementor-widget-spacer\" data-id=\"ea8c693\" data-element_type=\"widget\" data-widget_type=\"spacer.default\">\n\t\t\t\t<div class=\"elementor-widget-container\">\n\t\t\t<style>\/*! elementor - v3.16.0 - 17-10-2023 *\/\n.elementor-column .elementor-spacer-inner{height:var(--spacer-size)}.e-con{--container-widget-width:100%}.e-con-inner>.elementor-widget-spacer,.e-con>.elementor-widget-spacer{width:var(--container-widget-width,var(--spacer-size));--align-self:var(--container-widget-align-self,initial);--flex-shrink:0}.e-con-inner>.elementor-widget-spacer>.elementor-widget-container,.e-con>.elementor-widget-spacer>.elementor-widget-container{height:100%;width:100%}.e-con-inner>.elementor-widget-spacer>.elementor-widget-container>.elementor-spacer,.e-con>.elementor-widget-spacer>.elementor-widget-container>.elementor-spacer{height:100%}.e-con-inner>.elementor-widget-spacer>.elementor-widget-container>.elementor-spacer>.elementor-spacer-inner,.e-con>.elementor-widget-spacer>.elementor-widget-container>.elementor-spacer>.elementor-spacer-inner{height:var(--container-widget-height,var(--spacer-size))}.e-con-inner>.elementor-widget-spacer.elementor-widget-empty,.e-con>.elementor-widget-spacer.elementor-widget-empty{position:relative;min-height:22px;min-width:22px}.e-con-inner>.elementor-widget-spacer.elementor-widget-empty .elementor-widget-empty-icon,.e-con>.elementor-widget-spacer.elementor-widget-empty .elementor-widget-empty-icon{position:absolute;top:0;bottom:0;left:0;right:0;margin:auto;padding:0;width:22px;height:22px}<\/style>\t\t<div class=\"elementor-spacer\">\n\t\t\t<div class=\"elementor-spacer-inner\"><\/div>\n\t\t<\/div>\n\t\t\t\t<\/div>\n\t\t\t\t<\/div>\n\t\t\t\t\t<\/div>\n\t\t\t\t<\/div>\n\t\t\t\t\t\t\t<\/div>\n\t\t","protected":false},"excerpt":{"rendered":"<p>\u00bfQu\u00e9 es el Mezcal? El mezcal es una bebida espirituosa que se obtiene de los jugos del maguey fermentado. Es una bebida muy valorada en M\u00e9xico debido a su proceso de producci\u00f3n artesanal y a su sabor distintivo y ahumado. El mezcal tiene una larga historia y una rica cultura asociada a su producci\u00f3n y [&hellip;]<\/p>\n","protected":false},"author":1,"featured_media":0,"parent":0,"menu_order":0,"comment_status":"closed","ping_status":"closed","template":"","meta":{"om_disable_all_campaigns":false,"_monsterinsights_skip_tracking":false,"_monsterinsights_sitenote_active":false,"_monsterinsights_sitenote_note":"","_monsterinsights_sitenote_category":0,"footnotes":""},"class_list":["post-736","page","type-page","status-publish","hentry"],"aioseo_notices":[],"_links":{"self":[{"href":"https:\/\/vivientemezcal.com\/es\/wp-json\/wp\/v2\/pages\/736","targetHints":{"allow":["GET"]}}],"collection":[{"href":"https:\/\/vivientemezcal.com\/es\/wp-json\/wp\/v2\/pages"}],"about":[{"href":"https:\/\/vivientemezcal.com\/es\/wp-json\/wp\/v2\/types\/page"}],"author":[{"embeddable":true,"href":"https:\/\/vivientemezcal.com\/es\/wp-json\/wp\/v2\/users\/1"}],"replies":[{"embeddable":true,"href":"https:\/\/vivientemezcal.com\/es\/wp-json\/wp\/v2\/comments?post=736"}],"version-history":[{"count":49,"href":"https:\/\/vivientemezcal.com\/es\/wp-json\/wp\/v2\/pages\/736\/revisions"}],"predecessor-version":[{"id":1218,"href":"https:\/\/vivientemezcal.com\/es\/wp-json\/wp\/v2\/pages\/736\/revisions\/1218"}],"wp:attachment":[{"href":"https:\/\/vivientemezcal.com\/es\/wp-json\/wp\/v2\/media?parent=736"}],"curies":[{"name":"wp","href":"https:\/\/api.w.org\/{rel}","templated":true}]}}